{"id":67,"date":"2022-08-11T08:07:40","date_gmt":"2022-08-11T06:07:40","guid":{"rendered":"http:\/\/cyclocluborangeois.fr\/?page_id=67"},"modified":"2022-11-04T08:07:23","modified_gmt":"2022-11-04T07:07:23","slug":"forum","status":"publish","type":"page","link":"https:\/\/cyclocluborangeois.fr\/index.php\/forum\/","title":{"rendered":"FORUM"},"content":{"rendered":"<div class=\"widget_bp_core_login_widget buddypress widget wp-block-bp-login-form\"><form name=\"bp-login-widget-form\" id=\"bp-login-widget-form\" action=\"https:\/\/cyclocluborangeois.fr\/wp-login.php\" method=\"post\"><p class=\"login-username\">\n\t\t\t\t<label for=\"bp-login-widget-user-login\">Identifiant<\/label>\n\t\t\t\t<input type=\"text\" name=\"log\" id=\"bp-login-widget-user-login\" autocomplete=\"username\" class=\"input\" value=\"\" size=\"20\" \/>\n\t\t\t<\/p><p class=\"login-password\">\n\t\t\t\t<label for=\"bp-login-widget-user-pass\">Mot de passe<\/label>\n\t\t\t\t<input type=\"password\" name=\"pwd\" id=\"bp-login-widget-user-pass\" autocomplete=\"current-password\" spellcheck=\"false\" class=\"input\" value=\"\" size=\"20\" \/>\n\t\t\t<\/p><p class=\"login-remember\"><label><input name=\"rememberme\" type=\"checkbox\" id=\"bp-login-widget-rememberme\" value=\"forever\" \/> Se souvenir de moi<\/label><\/p><p class=\"login-submit\">\n\t\t\t\t<input type=\"submit\" name=\"wp-submit\" id=\"bp-login-widget-submit\" class=\"button button-primary\" value=\"Se connecter\" \/>\n\t\t\t\t<input type=\"hidden\" name=\"redirect_to\" value=\"https:\/\/cyclocluborangeois.fr\/index.php\/wp-json\/wp\/v2\/pages\/67\" \/>\n\t\t\t<\/p>\t<span class=\"bp-login-widget-request-membership-link\"><a href=\"https:\/\/cyclocluborangeois.fr\/register\/\">Demander \u00e0 adh\u00e9rer<\/a><\/span>\n\t<\/form><\/div>\n\n\n<p><\/p>\n\n\n\n<p class=\"has-text-align-left\">Le forum est un lieu de discussion, d\u2019\u00e9change et de partage sur les activit\u00e9s cyclistes. Seuls les adh\u00e9rents peuvent le consulter et y \u00e9crire. La courtoisie est de rigueur. Les sujets sur la politique, la religion, le sexe y sont formellement interdits. Des mod\u00e9rateurs internes au CCO s\u2019assureront r\u00e9guli\u00e8rement que les r\u00e8gles \u00e9dict\u00e9es ci-dessus sont bien respect\u00e9es, dans le cas contraire, ils pourront \u00eatre amen\u00e9s \u00e0 verrouiller le sujet de discussion, voire le supprimer et prendre toutes les dispositions utiles.<\/p>\n\n\n\n<p><\/p>\n\n\n\n<p><\/p>\n\n\n\n<ul class=\"wp-block-list\">\n<li><a href=\"http:\/\/cyclocluborangeois.fr\/index.php\/forums\/forum\/sorties-et-rencontres-entre-membres\/\">Sorties et rencontres entre membres<\/a><\/li>\n<\/ul>\n\n\n\n<ul class=\"wp-block-list\">\n<li><a href=\"http:\/\/cyclocluborangeois.fr\/index.php\/forums\/forum\/lentrainement-et-la-sante\/\">L\u2019entra\u00eenement et la sant\u00e9<\/a><\/li>\n<\/ul>\n\n\n\n<ul class=\"wp-block-list\">\n<li><a href=\"http:\/\/cyclocluborangeois.fr\/index.php\/forums\/forum\/le-matos-velocadre-peripheriques-roues-pneus-mecanique-entretien-du-velo\/\">Le matos (v\u00e9lo, cadre, p\u00e9riph\u00e9riques, roues, pneus, m\u00e9canique\/entretien du v\u00e9lo<\/a>)<\/li>\n<\/ul>\n\n\n\n<ul class=\"wp-block-list\">\n<li><a href=\"http:\/\/cyclocluborangeois.fr\/index.php\/forums\/forum\/discussions-sur-les-competitions-route\/\" target=\"_blank\" rel=\"noreferrer noopener\">Discussions sur les comp\u00e9titions route (cyclosportives, grands tours, classiques, championnats, JO<\/a>)<\/li>\n<\/ul>\n\n\n\n<ul class=\"wp-block-list\">\n<li><a href=\"http:\/\/cyclocluborangeois.fr\/index.php\/forums\/forum\/les-autres-pratiques-gravel-cyclocross-vtt-vae\/\">Les autres pratiques (Gravel, Cyclocross, VTT, VAE)<\/a><\/li>\n<\/ul>\n","protected":false},"excerpt":{"rendered":"<p>Le forum est un lieu de discussion, d\u2019\u00e9change et de partage sur les activit\u00e9s cyclistes. Seuls les adh\u00e9rents peuvent le consulter et y \u00e9crire. La courtoisie est de rigueur. Les sujets sur la politique, la religion, le sexe y sont formellement interdits. Des mod\u00e9rateurs internes au CCO s\u2019assureront r\u00e9guli\u00e8rement que les r\u00e8gles \u00e9dict\u00e9es ci-dessus sont bien respect\u00e9es, dans le cas contraire, ils pourront \u00eatre amen\u00e9s \u00e0 verrouiller le sujet de discussion, voire le supprimer et prendre toutes les dispositions utiles.<\/p>\n","protected":false},"author":1,"featured_media":0,"parent":0,"menu_order":0,"comment_status":"closed","ping_status":"closed","template":"","meta":{"_bbp_topic_count":0,"_bbp_reply_count":0,"_bbp_total_topic_count":0,"_bbp_total_reply_count":0,"_bbp_voice_count":0,"_bbp_anonymous_reply_count":0,"_bbp_topic_count_hidden":0,"_bbp_reply_count_hidden":0,"_bbp_forum_subforum_count":0,"footnotes":""},"class_list":["post-67","page","type-page","status-publish","hentry"],"_links":{"self":[{"href":"https:\/\/cyclocluborangeois.fr\/index.php\/wp-json\/wp\/v2\/pages\/67","targetHints":{"allow":["GET"]}}],"collection":[{"href":"https:\/\/cyclocluborangeois.fr\/index.php\/wp-json\/wp\/v2\/pages"}],"about":[{"href":"https:\/\/cyclocluborangeois.fr\/index.php\/wp-json\/wp\/v2\/types\/page"}],"author":[{"embeddable":true,"href":"https:\/\/cyclocluborangeois.fr\/index.php\/wp-json\/wp\/v2\/users\/1"}],"replies":[{"embeddable":true,"href":"https:\/\/cyclocluborangeois.fr\/index.php\/wp-json\/wp\/v2\/comments?post=67"}],"version-history":[{"count":11,"href":"https:\/\/cyclocluborangeois.fr\/index.php\/wp-json\/wp\/v2\/pages\/67\/revisions"}],"predecessor-version":[{"id":553,"href":"https:\/\/cyclocluborangeois.fr\/index.php\/wp-json\/wp\/v2\/pages\/67\/revisions\/553"}],"wp:attachment":[{"href":"https:\/\/cyclocluborangeois.fr\/index.php\/wp-json\/wp\/v2\/media?parent=67"}],"curies":[{"name":"wp","href":"https:\/\/api.w.org\/{rel}","templated":true}]}}