{"id":616,"date":"2022-11-07T21:47:58","date_gmt":"2022-11-07T20:47:58","guid":{"rendered":"http:\/\/cyclocluborangeois.fr\/?page_id=616"},"modified":"2023-05-28T20:48:57","modified_gmt":"2023-05-28T18:48:57","slug":"vogue-2023","status":"publish","type":"page","link":"https:\/\/cyclocluborangeois.fr\/index.php\/stage\/vogue-2023\/","title":{"rendered":"VOG\u00dcE 2023"},"content":{"rendered":"\n<ul class=\"wp-block-list\">\n<li><a href=\"https:\/\/www.loucapitelle.com\/\">V<\/a><a rel=\"noreferrer noopener\" href=\"https:\/\/www.loucapitelle.com\/\" target=\"_blank\">illage Vacances 4* en Ard\u00e8che M\u00e9ridionale &amp; Spa | Vog\u00fc\u00e9 (07) (loucapitelle.com)<\/a><\/li>\n<\/ul>\n\n\n\n<blockquote class=\"wp-block-quote is-layout-flow wp-block-quote-is-layout-flow\">\n<p><\/p>\n<\/blockquote>\n\n\n\n<div class=\"wp-block-file aligncenter\"><a id=\"wp-block-file--media-2258a7da-cb82-4f8d-8ca7-398b66e86886\" href=\"http:\/\/cyclocluborangeois.fr\/wp-content\/uploads\/2022\/11\/CCO-Fiche-Inscription-Stage-Vogue.pdf\" target=\"_blank\" rel=\"noreferrer noopener\">CCO-Fiche-Inscription-Stage-Vogue<\/a><a href=\"http:\/\/cyclocluborangeois.fr\/wp-content\/uploads\/2022\/11\/CCO-Fiche-Inscription-Stage-Vogue.pdf\" class=\"wp-block-file__button wp-element-button\" download aria-describedby=\"wp-block-file--media-2258a7da-cb82-4f8d-8ca7-398b66e86886\">T\u00e9l\u00e9charger<\/a><\/div>\n\n\n\n<h2 class=\"wp-block-heading has-large-font-size\">       <\/h2>\n\n\n\n<h6 class=\"wp-block-heading has-text-align-center has-large-font-size\"><strong>PARCOURS 2023<\/strong><\/h6>\n\n\n\n<figure class=\"wp-block-table\"><table><tbody><tr><td><strong><u>Km<\/u><\/strong><\/td><td><strong><u>D+<\/u><\/strong><\/td><td class=\"has-text-align-center\" data-align=\"center\"><strong>Lien Openrunner<\/strong><\/td><td class=\"has-text-align-center\" data-align=\"center\"><strong>Observations<\/strong><\/td><\/tr><tr><td>53<\/td><td>637<\/td><td class=\"has-text-align-center\" data-align=\"center\"><a rel=\"noreferrer noopener\" href=\"https:\/\/www.openrunner.com\/route-details\/16632272\" target=\"_blank\">https:\/\/www.openrunner.com\/route-details\/16632272<\/a><\/td><td class=\"has-text-align-center\" data-align=\"center\">Sens horaire<\/td><\/tr><tr><td>108<\/td><td>1716<\/td><td class=\"has-text-align-center\" data-align=\"center\"><a rel=\"noreferrer noopener\" href=\"https:\/\/www.openrunner.com\/route-details\/16632262\" target=\"_blank\">https:\/\/www.openrunner.com\/route-details\/16632262<\/a><\/td><td class=\"has-text-align-center\" data-align=\"center\">Identique mais Sens horaire<\/td><\/tr><tr><td>108<\/td><td>1717<\/td><td class=\"has-text-align-center\" data-align=\"center\"><a rel=\"noreferrer noopener\" href=\"https:\/\/www.openrunner.com\/route-details\/16865731\" target=\"_blank\">https:\/\/www.openrunner.com\/route-details\/16865731<\/a><\/td><td class=\"has-text-align-center\" data-align=\"center\">Identique mais Sens <strong>anti-horaire<\/strong><\/td><\/tr><tr><td>78<\/td><td>1098<\/td><td class=\"has-text-align-center\" data-align=\"center\"><a rel=\"noreferrer noopener\" href=\"https:\/\/www.openrunner.com\/route-details\/16515411\" target=\"_blank\">https:\/\/www.openrunner.com\/route-details\/16515411<\/a><\/td><td class=\"has-text-align-center\" data-align=\"center\">Sens horaire<\/td><\/tr><tr><td>78<\/td><td>1004<\/td><td class=\"has-text-align-center\" data-align=\"center\"><a rel=\"noreferrer noopener\" href=\"https:\/\/www.openrunner.com\/route-details\/16514759\" target=\"_blank\">https:\/\/www.openrunner.com\/route-details\/16514759<\/a><\/td><td class=\"has-text-align-center\" data-align=\"center\"><strong>Sens anti-horaire<\/strong><\/td><\/tr><tr><td>129<\/td><td>2163<\/td><td class=\"has-text-align-center\" data-align=\"center\"><a rel=\"noreferrer noopener\" href=\"https:\/\/www.openrunner.com\/route-details\/16632249\" target=\"_blank\">https:\/\/www.openrunner.com\/route-details\/16632249<\/a><\/td><td class=\"has-text-align-center\" data-align=\"center\">Sens horaire<\/td><\/tr><tr><td>146<\/td><td>2439<\/td><td class=\"has-text-align-center\" data-align=\"center\"><a rel=\"noreferrer noopener\" href=\"https:\/\/www.openrunner.com\/route-details\/16632228\" target=\"_blank\">https:\/\/www.openrunner.com\/route-details\/16632228<\/a><\/td><td class=\"has-text-align-center\" data-align=\"center\">Sens horaire<\/td><\/tr><tr><td>76<\/td><td>1369<\/td><td class=\"has-text-align-center\" data-align=\"center\"><a rel=\"noreferrer noopener\" href=\"https:\/\/www.openrunner.com\/route-details\/16631102\" target=\"_blank\">https:\/\/www.openrunner.com\/route-details\/16631102<\/a><\/td><td class=\"has-text-align-center\" data-align=\"center\">Sens horaire<\/td><\/tr><tr><td>116<\/td><td>2188<\/td><td class=\"has-text-align-center\" data-align=\"center\"><a rel=\"noreferrer noopener\" href=\"https:\/\/www.openrunner.com\/route-details\/16631056\" target=\"_blank\">https:\/\/www.openrunner.com\/route-details\/16631056<\/a><\/td><td class=\"has-text-align-center\" data-align=\"center\">Sens horaire<\/td><\/tr><\/tbody><\/table><\/figure>\n\n\n\n<h4 class=\"wp-block-heading\">Liste des inscrits :<\/h4>\n\n\n\n<figure class=\"wp-block-table is-style-regular\"><table><tbody><tr><td class=\"has-text-align-right\" data-align=\"right\"><strong>NOM<\/strong><\/td><td><strong>PRENOM<\/strong><\/td><td><strong>Nbre<\/strong><\/td><td><strong>DUREE DU SEJOUR<\/strong><\/td><td><strong>COMPLEMENTS D&rsquo;INFORMATIONS<\/strong><\/td><\/tr><tr><td class=\"has-text-align-right\" data-align=\"right\">SIMON<\/td><td>Marc<\/td><td>1<\/td><td><strong>3 JOURS<\/strong><\/td><td><\/td><\/tr><tr><td class=\"has-text-align-right\" data-align=\"right\">MARIN <\/td><td>G\u00e9rard<\/td><td>2<\/td><td>5 JOURS<\/td><td><\/td><\/tr><tr><td class=\"has-text-align-right\" data-align=\"right\">MARIN<\/td><td>Dominique<\/td><td>3<\/td><td>5 JOURS<\/td><td><\/td><\/tr><tr><td class=\"has-text-align-right\" data-align=\"right\">THOMAS <\/td><td>Patrick<\/td><td>4<\/td><td>5 JOURS<\/td><td><\/td><\/tr><tr><td class=\"has-text-align-right\" data-align=\"right\">THOMAS<\/td><td>Patricia<\/td><td>5<\/td><td><strong>3 JOURS<\/strong><\/td><td><\/td><\/tr><tr><td class=\"has-text-align-right\" data-align=\"right\">RAYMOND<\/td><td>Yannick<\/td><td>6<\/td><td>5 JOURS<\/td><td><\/td><\/tr><tr><td class=\"has-text-align-right\" data-align=\"right\">SANCHEZ<\/td><td>Fr\u00e9d\u00e9ric<\/td><td>7<\/td><td><strong>3 JOURS<\/strong><\/td><td><\/td><\/tr><tr><td class=\"has-text-align-right\" data-align=\"right\">LORETTE<\/td><td>Christophe<\/td><td>8<\/td><td>5 JOURS<\/td><td><\/td><\/tr><tr><td class=\"has-text-align-right\" data-align=\"right\">LORETTE<\/td><td>Marie<\/td><td>9<\/td><td>5 JOURS<\/td><td><\/td><\/tr><tr><td class=\"has-text-align-right\" data-align=\"right\">FERAUD<\/td><td>Eddie<\/td><td>10<\/td><td>5 JOURS<\/td><td><\/td><\/tr><tr><td class=\"has-text-align-right\" data-align=\"right\">MONNIER<\/td><td>Bruno<\/td><td>11<\/td><td>5 JOURS<\/td><td><\/td><\/tr><tr><td class=\"has-text-align-right\" data-align=\"right\">MATHIEU<\/td><td>Jean-Louis<\/td><td>12<\/td><td>5 JOURS<\/td><td><\/td><\/tr><tr><td class=\"has-text-align-right\" data-align=\"right\">MONTET<\/td><td>Jacques<\/td><td>13<\/td><td>5 JOURS<\/td><td><\/td><\/tr><tr><td class=\"has-text-align-right\" data-align=\"right\">MONTET<\/td><td>Martine<\/td><td>14<\/td><td><strong>3 JOURS<\/strong><\/td><td><\/td><\/tr><tr><td class=\"has-text-align-right\" data-align=\"right\">SERIN<\/td><td>Claude<\/td><td>15<\/td><td>5 JOURS<\/td><td><\/td><\/tr><tr><td class=\"has-text-align-right\" data-align=\"right\">PEREIRA<\/td><td>Jeronimo<\/td><td>16<\/td><td>5 JOURS<\/td><td><\/td><\/tr><tr><td class=\"has-text-align-right\" data-align=\"right\">PEREIRA<\/td><td>Louisette<\/td><td>17<\/td><td>5 JOURS<\/td><td><\/td><\/tr><tr><td class=\"has-text-align-right\" data-align=\"right\">LEBOVECI<\/td><td>Eric<\/td><td>18<\/td><td><strong>3 JOURS<\/strong><\/td><td><\/td><\/tr><tr><td class=\"has-text-align-right\" data-align=\"right\">LENORMAND<\/td><td>Ren\u00e9<\/td><td>19<\/td><td>5 JOURS<\/td><td>D\u00e9part d&rsquo;Orange en v\u00e9lo<\/td><\/tr><tr><td class=\"has-text-align-right\" data-align=\"right\">GIRAUD<\/td><td>Alain<\/td><td>20<\/td><td>5 JOURS<\/td><td><\/td><\/tr><tr><td class=\"has-text-align-right\" data-align=\"right\">DUBOIS<\/td><td>G\u00e9rard<\/td><td>21<\/td><td>5 JOURS<\/td><td><\/td><\/tr><tr><td class=\"has-text-align-right\" data-align=\"right\">LAVILLE<\/td><td>Alain<\/td><td>22<\/td><td>5 JOURS<\/td><td><\/td><\/tr><tr><td class=\"has-text-align-right\" data-align=\"right\">BISCARRAT<\/td><td>Jean-Pierre<\/td><td>23<\/td><td>5 JOURS<\/td><td><\/td><\/tr><tr><td class=\"has-text-align-right\" data-align=\"right\">DEBRU<\/td><td>Bernard<\/td><td>24<\/td><td>5 JOURS<\/td><td><\/td><\/tr><tr><td class=\"has-text-align-right\" data-align=\"right\">THOMAS<\/td><td>J\u00e9r\u00f4me<\/td><td>25<\/td><td><strong>3 JOURS<\/strong><\/td><td><\/td><\/tr><tr><td class=\"has-text-align-right\" data-align=\"right\">BOURGUER<\/td><td>Jean-Marc<\/td><td>26<\/td><td>5 JOURS<\/td><td><\/td><\/tr><tr><td class=\"has-text-align-right\" data-align=\"right\">BILLON<\/td><td>Christian<\/td><td>27<\/td><td>5 JOURS<\/td><td><\/td><\/tr><tr><td class=\"has-text-align-right\" data-align=\"right\">OUICHAOUI<\/td><td>Salem<\/td><td>28<\/td><td>5 JOURS<\/td><td><\/td><\/tr><tr><td class=\"has-text-align-right\" data-align=\"right\">BAUDOIN<\/td><td>Didier<\/td><td>29<\/td><td>5 JOURS<\/td><td><\/td><\/tr><tr><td class=\"has-text-align-right\" data-align=\"right\">LECROART<\/td><td>Jean-Paul<\/td><td>30<\/td><td>5 JOURS<\/td><td><\/td><\/tr><tr><td class=\"has-text-align-right\" data-align=\"right\">DELANNES<\/td><td>J\u00e9r\u00f4me<\/td><td>31<\/td><td>5 JOURS<\/td><td><\/td><\/tr><tr><td class=\"has-text-align-right\" data-align=\"right\">LANTHELME<\/td><td>Andr\u00e9<\/td><td>32<\/td><td>5 JOURS<\/td><td><\/td><\/tr><tr><td class=\"has-text-align-right\" data-align=\"right\">DECHAMPS<\/td><td>Claire<\/td><td>33<\/td><td><strong>3 JOURS<\/strong><\/td><td><\/td><\/tr><tr><td class=\"has-text-align-right\" data-align=\"right\">REYNAUD<\/td><td>Annie<\/td><td>34<\/td><td>5 JOURS<\/td><td><\/td><\/tr><tr><td class=\"has-text-align-right\" data-align=\"right\">REYNAUD<\/td><td>Louis<\/td><td>35<\/td><td>5 JOURS<\/td><td><\/td><\/tr><tr><td class=\"has-text-align-right\" data-align=\"right\">BRANCHU<\/td><td>Jean dit Chu<\/td><td>36<\/td><td>5 JOURS<\/td><td><\/td><\/tr><tr><td class=\"has-text-align-right\" data-align=\"right\">COLLOMBIER<\/td><td>Thierry<\/td><td>37<\/td><td>5 JOURS<\/td><td><\/td><\/tr><tr><td class=\"has-text-align-right\" data-align=\"right\">COLLOMBIER<\/td><td>C\u00e9cile<\/td><td>38<\/td><td>5 JOURS<\/td><td><\/td><\/tr><tr><td class=\"has-text-align-right\" data-align=\"right\"><\/td><td><\/td><td>xx<\/td><td><\/td><td><\/td><\/tr><tr><td class=\"has-text-align-right\" data-align=\"right\"><\/td><td><\/td><td>xx<\/td><td><\/td><td><\/td><\/tr><tr><td class=\"has-text-align-right\" data-align=\"right\">PERNET<\/td><td>Franck<\/td><td>39<\/td><td>5 JOURS<\/td><td><\/td><\/tr><tr><td class=\"has-text-align-right\" data-align=\"right\">GUIBERT<\/td><td>Jo\u00eblle<\/td><td>40<\/td><td>5 JOURS<\/td><td><\/td><\/tr><tr><td class=\"has-text-align-right\" data-align=\"right\">BRUNEL<\/td><td>G\u00e9rard<\/td><td>41<\/td><td>5 JOURS<\/td><td><\/td><\/tr><tr><td class=\"has-text-align-right\" data-align=\"right\">BRUNEL<\/td><td>Madeleine<\/td><td>42<\/td><td>5 JOURS<\/td><td><\/td><\/tr><tr><td class=\"has-text-align-right\" data-align=\"right\">VIVET<\/td><td>Monique<\/td><td>43<\/td><td>5 JOURS<\/td><td><\/td><\/tr><tr><td class=\"has-text-align-right\" data-align=\"right\">BOIDIN<\/td><td>Fran\u00e7ois<\/td><td>44<\/td><td><strong>3 JOURS<\/strong><\/td><td><\/td><\/tr><tr><td class=\"has-text-align-right\" data-align=\"right\">ABADIE<\/td><td>Pascale<\/td><td>45<\/td><td><strong>3 JOURS<\/strong><\/td><td><\/td><\/tr><tr><td class=\"has-text-align-right\" data-align=\"right\">KOSTU<\/td><td>Didier<\/td><td>46<\/td><td>5 JOURS<\/td><td><\/td><\/tr><tr><td class=\"has-text-align-right\" data-align=\"right\">LAFOND<\/td><td>Daniel<\/td><td>47<\/td><td>5 JOURS<\/td><td><\/td><\/tr><tr><td class=\"has-text-align-right\" data-align=\"right\">BENDJEDDOU<\/td><td>Lyamin<\/td><td>48<\/td><td><strong>3 JOURS<\/strong><\/td><td><\/td><\/tr><tr><td class=\"has-text-align-right\" data-align=\"right\">VANDEPUTTE<\/td><td>Nicolas dit Nico<\/td><td>49<\/td><td><strong>3 JOURS<\/strong><\/td><td><\/td><\/tr><tr><td class=\"has-text-align-right\" data-align=\"right\">MERTENS<\/td><td>Filip<\/td><td>50<\/td><td><strong>4 JOURS<\/strong><\/td><td><\/td><\/tr><tr><td class=\"has-text-align-right\" data-align=\"right\">RIBANIER<\/td><td>St\u00e9phane<br><\/td><td>51<\/td><td><strong>3 JOURS<\/strong><\/td><td><\/td><\/tr><tr><td class=\"has-text-align-right\" data-align=\"right\">AUDRIN<\/td><td>Yves<\/td><td>52<\/td><td>5 JOURS<\/td><td><\/td><\/tr><tr><td class=\"has-text-align-right\" data-align=\"right\"><\/td><td><\/td><td><\/td><td><\/td><td><\/td><\/tr><\/tbody><\/table><\/figure>\n\n\n\n<div style=\"height:289px\" aria-hidden=\"true\" class=\"wp-block-spacer\"><\/div>\n\n\n\n<div class=\"wp-block-media-text alignwide is-stacked-on-mobile\"><figure class=\"wp-block-media-text__media\"><img loading=\"lazy\" decoding=\"async\" width=\"686\" height=\"684\" src=\"http:\/\/cyclocluborangeois.fr\/wp-content\/uploads\/2022\/11\/Vogue-itineraire.png\" alt=\"\" class=\"wp-image-618 size-full\" srcset=\"https:\/\/cyclocluborangeois.fr\/wp-content\/uploads\/2022\/11\/Vogue-itineraire.png 686w, https:\/\/cyclocluborangeois.fr\/wp-content\/uploads\/2022\/11\/Vogue-itineraire-300x300.png 300w, https:\/\/cyclocluborangeois.fr\/wp-content\/uploads\/2022\/11\/Vogue-itineraire-150x150.png 150w, https:\/\/cyclocluborangeois.fr\/wp-content\/uploads\/2022\/11\/Vogue-itineraire-75x75.png 75w\" sizes=\"auto, (max-width: 686px) 100vw, 686px\" \/><\/figure><div class=\"wp-block-media-text__content\">\n<p>Vog\u00fc\u00e9 en Ard\u00e8che \u00e0 80 km d\u2019Orange<\/p>\n\n\n\n<p>Ard\u00e8che m\u00e9ridionale \u00e0 135 m\u00e8tres d&rsquo;altitude<\/p>\n<\/div><\/div>\n\n\n\n<figure class=\"wp-block-image size-large\"><img loading=\"lazy\" decoding=\"async\" width=\"1024\" height=\"431\" src=\"http:\/\/cyclocluborangeois.fr\/wp-content\/uploads\/2022\/11\/Domaine-a-Vogue-1024x431.png\" alt=\"\" class=\"wp-image-619\" srcset=\"https:\/\/cyclocluborangeois.fr\/wp-content\/uploads\/2022\/11\/Domaine-a-Vogue-1024x431.png 1024w, https:\/\/cyclocluborangeois.fr\/wp-content\/uploads\/2022\/11\/Domaine-a-Vogue-300x126.png 300w, https:\/\/cyclocluborangeois.fr\/wp-content\/uploads\/2022\/11\/Domaine-a-Vogue-768x323.png 768w, https:\/\/cyclocluborangeois.fr\/wp-content\/uploads\/2022\/11\/Domaine-a-Vogue-1536x647.png 1536w, https:\/\/cyclocluborangeois.fr\/wp-content\/uploads\/2022\/11\/Domaine-a-Vogue-1140x480.png 1140w, https:\/\/cyclocluborangeois.fr\/wp-content\/uploads\/2022\/11\/Domaine-a-Vogue.png 1879w\" sizes=\"auto, (max-width: 1024px) 100vw, 1024px\" \/><\/figure>\n\n\n\n<figure class=\"wp-block-gallery has-nested-images columns-default is-cropped wp-block-gallery-1 is-layout-flex wp-block-gallery-is-layout-flex\">\n<figure class=\"wp-block-image size-large\"><img loading=\"lazy\" decoding=\"async\" width=\"1024\" height=\"414\" data-id=\"620\" src=\"http:\/\/cyclocluborangeois.fr\/wp-content\/uploads\/2022\/11\/Capture-1024x414.png\" alt=\"\" class=\"wp-image-620\" srcset=\"https:\/\/cyclocluborangeois.fr\/wp-content\/uploads\/2022\/11\/Capture-1024x414.png 1024w, https:\/\/cyclocluborangeois.fr\/wp-content\/uploads\/2022\/11\/Capture-300x121.png 300w, https:\/\/cyclocluborangeois.fr\/wp-content\/uploads\/2022\/11\/Capture-768x310.png 768w, https:\/\/cyclocluborangeois.fr\/wp-content\/uploads\/2022\/11\/Capture-1140x460.png 1140w, https:\/\/cyclocluborangeois.fr\/wp-content\/uploads\/2022\/11\/Capture.png 1436w\" sizes=\"auto, (max-width: 1024px) 100vw, 1024px\" \/><\/figure>\n\n\n\n<figure class=\"wp-block-image size-large\"><img loading=\"lazy\" decoding=\"async\" width=\"1024\" height=\"507\" data-id=\"621\" src=\"http:\/\/cyclocluborangeois.fr\/wp-content\/uploads\/2022\/11\/repas-1024x507.png\" alt=\"\" class=\"wp-image-621\" srcset=\"https:\/\/cyclocluborangeois.fr\/wp-content\/uploads\/2022\/11\/repas-1024x507.png 1024w, https:\/\/cyclocluborangeois.fr\/wp-content\/uploads\/2022\/11\/repas-300x148.png 300w, https:\/\/cyclocluborangeois.fr\/wp-content\/uploads\/2022\/11\/repas-768x380.png 768w, https:\/\/cyclocluborangeois.fr\/wp-content\/uploads\/2022\/11\/repas-1140x564.png 1140w, https:\/\/cyclocluborangeois.fr\/wp-content\/uploads\/2022\/11\/repas.png 1401w\" sizes=\"auto, (max-width: 1024px) 100vw, 1024px\" \/><\/figure>\n<\/figure>\n\n\n\n<figure class=\"wp-block-image size-large\"><img loading=\"lazy\" decoding=\"async\" width=\"1024\" height=\"362\" src=\"http:\/\/cyclocluborangeois.fr\/wp-content\/uploads\/2022\/11\/spa-1024x362.png\" alt=\"\" class=\"wp-image-622\" srcset=\"https:\/\/cyclocluborangeois.fr\/wp-content\/uploads\/2022\/11\/spa-1024x362.png 1024w, https:\/\/cyclocluborangeois.fr\/wp-content\/uploads\/2022\/11\/spa-300x106.png 300w, https:\/\/cyclocluborangeois.fr\/wp-content\/uploads\/2022\/11\/spa-768x271.png 768w, https:\/\/cyclocluborangeois.fr\/wp-content\/uploads\/2022\/11\/spa-1536x542.png 1536w, https:\/\/cyclocluborangeois.fr\/wp-content\/uploads\/2022\/11\/spa-1140x403.png 1140w, https:\/\/cyclocluborangeois.fr\/wp-content\/uploads\/2022\/11\/spa.png 1886w\" sizes=\"auto, (max-width: 1024px) 100vw, 1024px\" \/><\/figure>\n","protected":false},"excerpt":{"rendered":"<p>PARCOURS 2023 Km D+ Lien Openrunner Observations 53 637 https:\/\/www.openrunner.com\/route-details\/16632272 Sens horaire 108 1716 https:\/\/www.openrunner.com\/route-details\/16632262 Identique mais Sens horaire 108 1717 https:\/\/www.openrunner.com\/route-details\/16865731 Identique mais Sens anti-horaire 78 1098 https:\/\/www.openrunner.com\/route-details\/16515411 Sens horaire 78 1004 https:\/\/www.openrunner.com\/route-details\/16514759 Sens anti-horaire 129 2163 https:\/\/www.openrunner.com\/route-details\/16632249 Sens horaire 146 2439 https:\/\/www.openrunner.com\/route-details\/16632228 Sens horaire 76 1369 https:\/\/www.openrunner.com\/route-details\/16631102 Sens horaire 116 2188 https:\/\/www.openrunner.com\/route-details\/16631056 Sens horaire Liste des inscrits : NOM PRENOM Nbre DUREE DU SEJOUR COMPLEMENTS D&rsquo;INFORMATIONS SIMON Marc 1 3 JOURS MARIN G\u00e9rard 2 5 JOURS MARIN Dominique 3 5 JOURS THOMAS Patrick 4 5 JOURS THOMAS Patricia 5 3 JOURS RAYMOND Yannick 6 5 JOURS SANCHEZ Fr\u00e9d\u00e9ric 7 3 JOURS LORETTE Christophe 8 5 JOURS LORETTE Marie 9 5 JOURS FERAUD Eddie 10 5 JOURS MONNIER Bruno 11 5 JOURS MATHIEU Jean-Louis 12 5 JOURS MONTET Jacques 13 5 JOURS MONTET Martine 14 3 JOURS SERIN Claude 15 5 JOURS PEREIRA Jeronimo 16 5 JOURS PEREIRA Louisette 17 5 JOURS LEBOVECI Eric 18 3 JOURS LENORMAND Ren\u00e9 19 5 JOURS D\u00e9part d&rsquo;Orange en v\u00e9lo GIRAUD Alain 20 5 JOURS DUBOIS G\u00e9rard 21 5 JOURS LAVILLE Alain 22 5 JOURS BISCARRAT Jean-Pierre 23 5 JOURS DEBRU Bernard 24 5 JOURS THOMAS J\u00e9r\u00f4me 25 3 JOURS BOURGUER Jean-Marc 26 5 JOURS BILLON Christian 27 5 JOURS OUICHAOUI Salem 28 5 JOURS BAUDOIN Didier 29 5 JOURS LECROART Jean-Paul 30 5 JOURS DELANNES J\u00e9r\u00f4me 31 5 JOURS LANTHELME Andr\u00e9 32 5 JOURS DECHAMPS Claire 33 3 JOURS REYNAUD Annie 34 5 JOURS REYNAUD Louis 35 5 JOURS BRANCHU Jean dit Chu 36 5 JOURS COLLOMBIER Thierry 37 5 JOURS COLLOMBIER C\u00e9cile 38 5 JOURS xx xx PERNET Franck 39 5 JOURS GUIBERT Jo\u00eblle 40 5 JOURS BRUNEL G\u00e9rard 41 5 JOURS BRUNEL Madeleine 42 5 JOURS VIVET Monique 43 5 JOURS BOIDIN Fran\u00e7ois 44 3 JOURS ABADIE Pascale 45 3 JOURS KOSTU Didier 46 5 JOURS LAFOND Daniel 47 5 JOURS BENDJEDDOU Lyamin 48 3 JOURS VANDEPUTTE Nicolas dit Nico 49 3 JOURS MERTENS Filip 50 4 JOURS RIBANIER St\u00e9phane 51 3 JOURS AUDRIN Yves 52 5 JOURS Vog\u00fc\u00e9 en Ard\u00e8che \u00e0 80 km d\u2019Orange Ard\u00e8che m\u00e9ridionale \u00e0 135 m\u00e8tres d&rsquo;altitude<\/p>\n","protected":false},"author":1,"featured_media":0,"parent":306,"menu_order":0,"comment_status":"closed","ping_status":"closed","template":"","meta":{"_bbp_topic_count":0,"_bbp_reply_count":0,"_bbp_total_topic_count":0,"_bbp_total_reply_count":0,"_bbp_voice_count":0,"_bbp_anonymous_reply_count":0,"_bbp_topic_count_hidden":0,"_bbp_reply_count_hidden":0,"_bbp_forum_subforum_count":0,"footnotes":""},"class_list":["post-616","page","type-page","status-publish","hentry"],"_links":{"self":[{"href":"https:\/\/cyclocluborangeois.fr\/index.php\/wp-json\/wp\/v2\/pages\/616","targetHints":{"allow":["GET"]}}],"collection":[{"href":"https:\/\/cyclocluborangeois.fr\/index.php\/wp-json\/wp\/v2\/pages"}],"about":[{"href":"https:\/\/cyclocluborangeois.fr\/index.php\/wp-json\/wp\/v2\/types\/page"}],"author":[{"embeddable":true,"href":"https:\/\/cyclocluborangeois.fr\/index.php\/wp-json\/wp\/v2\/users\/1"}],"replies":[{"embeddable":true,"href":"https:\/\/cyclocluborangeois.fr\/index.php\/wp-json\/wp\/v2\/comments?post=616"}],"version-history":[{"count":34,"href":"https:\/\/cyclocluborangeois.fr\/index.php\/wp-json\/wp\/v2\/pages\/616\/revisions"}],"predecessor-version":[{"id":1394,"href":"https:\/\/cyclocluborangeois.fr\/index.php\/wp-json\/wp\/v2\/pages\/616\/revisions\/1394"}],"up":[{"embeddable":true,"href":"https:\/\/cyclocluborangeois.fr\/index.php\/wp-json\/wp\/v2\/pages\/306"}],"wp:attachment":[{"href":"https:\/\/cyclocluborangeois.fr\/index.php\/wp-json\/wp\/v2\/media?parent=616"}],"curies":[{"name":"wp","href":"https:\/\/api.w.org\/{rel}","templated":true}]}}