{"id":50,"date":"2022-08-04T21:58:04","date_gmt":"2022-08-04T19:58:04","guid":{"rendered":"http:\/\/cyclocluborangeois.fr\/?page_id=50"},"modified":"2022-08-11T08:25:33","modified_gmt":"2022-08-11T06:25:33","slug":"historique","status":"publish","type":"page","link":"https:\/\/cyclocluborangeois.fr\/index.php\/historique\/","title":{"rendered":"HISTORIQUE"},"content":{"rendered":"\n<p>Au nom du CYCLO CLUB ORANGEOIS et en ma qualit\u00e9 de Pr\u00e9sident, je vous souhaite la bienvenue dans notre bonne ville D&rsquo;ORANGE<\/p>\n\n\n\n<p>ORANGE la Romaine, n\u00e9e ARAUSIO salu\u00e9e par son ARC de Triomphe et son th\u00e9\u00e2tre Antique, tout deux class\u00e9s au patrimoine mondial de l&rsquo;UNESCO.<\/p>\n\n\n\n<p>ORANGE la m\u00e9di\u00e9vale aux ruelles \u00e9troites et aux places ombrag\u00e9es s&rsquo;unissent pour vous convier \u00e0 d\u00e9couvrir un patrimoine exceptionnel que la municipalit\u00e9 orangeoise, conduite par<br>Jacques BOMPARD \u00e0 su revivifier.<\/p>\n\n\n\n<p>ORANGE \u00e0 une vie associative extr\u00eamement dense qui propose une grande vari\u00e9t\u00e9 d&rsquo;activit\u00e9s dans les domaines de la culture, du folklore et du sport, avec une implication de b\u00e9n\u00e9voles, qui m\u00e9rite beaucoup de respect et d&rsquo;encouragement.<\/p>\n\n\n\n<p>Le CYCLO CLUB ORANGEOIS&nbsp; est n\u00e9 le 7 d\u00e9cembre 1945 avec une vingtaine de membres et pour 1er Pr\u00e9sident Jean DUMAS :<\/p>\n\n\n\n<p>1947 : 2em Pr\u00e9sident Edm\u00e9e GUILLOT<\/p>\n\n\n\n<p>1952 : Organisation de la 3em grimp\u00e9e du Ventoux, par la suite confi\u00e9 \u00e0 L&rsquo;ASPTT D&rsquo;AVIGNON<\/p>\n\n\n\n<p>1964 : Ren\u00e9 BERARD est \u00e9lu 3em Pr\u00e9sident, avec pour objectif de relancer le club, une dizaine de cyclo adh\u00e9rent au club. Premi\u00e8re r\u00e9alisation de la Fl\u00e8che V\u00e9locio 450 kms en 24H.<\/p>\n\n\n\n<p>1965 : Organisation de P\u00e2ques en Provence \u00e0 RASTEAU.<\/p>\n\n\n\n<p>1969 : Andr\u00e9 LURION est le 4em Pr\u00e9sident , l&rsquo; effectif grandi et les activit\u00e9s suivent ,organisation du Gentleman Orangeois , course contre la montre avec 93 \u00e9quipes et la participation d&rsquo;anciens professionnels BRAMBILA,VIETTO,ZANTI, et THOMAS , tous amis du nouveau pr\u00e9sident.<\/p>\n\n\n\n<p>1972 : Organisation de l&rsquo;AG de la ligue de Provence.<\/p>\n\n\n\n<p>1993 \u00e0 1996 Alain GIRAUD devient le 5em Pr\u00e9sident, suite au d\u00e9c\u00e8s accidentel&nbsp;&nbsp; de son beau p\u00e8re A.LURION.<\/p>\n\n\n\n<p>1997 \u00e0 1998 : Christophe LORETTE est \u00e9lu 6em Pr\u00e9sident.<\/p>\n\n\n\n<p>1999 : G\u00e9rard MARIN est \u00e9lu 7em&nbsp; Pr\u00e9sident&nbsp; poste que j&rsquo;occupe toujours \u00e0 ce jour<br>Le club compte 98 adh\u00e9rents affili\u00e9 \u00e0 FFCT<\/p>\n\n\n\n<p>2012 : Organisation de l\u2019AG&nbsp; du CODEP 84<\/p>\n","protected":false},"excerpt":{"rendered":"<p>Au nom du CYCLO CLUB ORANGEOIS et en ma qualit\u00e9 de Pr\u00e9sident, je vous souhaite la bienvenue dans notre bonne ville D&rsquo;ORANGE ORANGE la Romaine, n\u00e9e ARAUSIO salu\u00e9e par son ARC de Triomphe et son th\u00e9\u00e2tre Antique, tout deux class\u00e9s au patrimoine mondial de l&rsquo;UNESCO. ORANGE la m\u00e9di\u00e9vale aux ruelles \u00e9troites et aux places ombrag\u00e9es s&rsquo;unissent pour vous convier \u00e0 d\u00e9couvrir un patrimoine exceptionnel que la municipalit\u00e9 orangeoise, conduite parJacques BOMPARD \u00e0 su revivifier. ORANGE \u00e0 une vie associative extr\u00eamement dense qui propose une grande vari\u00e9t\u00e9 d&rsquo;activit\u00e9s dans les domaines de la culture, du folklore et du sport, avec une implication de b\u00e9n\u00e9voles, qui m\u00e9rite beaucoup de respect et d&rsquo;encouragement. Le CYCLO CLUB ORANGEOIS&nbsp; est n\u00e9 le 7 d\u00e9cembre 1945 avec une vingtaine de membres et pour 1er Pr\u00e9sident Jean DUMAS : 1947 : 2em Pr\u00e9sident Edm\u00e9e GUILLOT 1952 : Organisation de la 3em grimp\u00e9e du Ventoux, par la suite confi\u00e9 \u00e0 L&rsquo;ASPTT D&rsquo;AVIGNON 1964 : Ren\u00e9 BERARD est \u00e9lu 3em Pr\u00e9sident, avec pour objectif de relancer le club, une dizaine de cyclo adh\u00e9rent au club. Premi\u00e8re r\u00e9alisation de la Fl\u00e8che V\u00e9locio 450 kms en 24H. 1965 : Organisation de P\u00e2ques en Provence \u00e0 RASTEAU. 1969 : Andr\u00e9 LURION est le 4em Pr\u00e9sident , l&rsquo; effectif grandi et les activit\u00e9s suivent ,organisation du Gentleman Orangeois , course contre la montre avec 93 \u00e9quipes et la participation d&rsquo;anciens professionnels BRAMBILA,VIETTO,ZANTI, et THOMAS , tous amis du nouveau pr\u00e9sident. 1972 : Organisation de l&rsquo;AG de la ligue de Provence. 1993 \u00e0 1996 Alain GIRAUD devient le 5em Pr\u00e9sident, suite au d\u00e9c\u00e8s accidentel&nbsp;&nbsp; de son beau p\u00e8re A.LURION. 1997 \u00e0 1998 : Christophe LORETTE est \u00e9lu 6em Pr\u00e9sident. 1999 : G\u00e9rard MARIN est \u00e9lu 7em&nbsp; Pr\u00e9sident&nbsp; poste que j&rsquo;occupe toujours \u00e0 ce jourLe club compte 98 adh\u00e9rents affili\u00e9 \u00e0 FFCT 2012 : Organisation de l\u2019AG&nbsp; du CODEP 84<\/p>\n","protected":false},"author":1,"featured_media":0,"parent":0,"menu_order":0,"comment_status":"closed","ping_status":"closed","template":"","meta":{"_bbp_topic_count":0,"_bbp_reply_count":0,"_bbp_total_topic_count":0,"_bbp_total_reply_count":0,"_bbp_voice_count":0,"_bbp_anonymous_reply_count":0,"_bbp_topic_count_hidden":0,"_bbp_reply_count_hidden":0,"_bbp_forum_subforum_count":0,"footnotes":""},"class_list":["post-50","page","type-page","status-publish","hentry"],"_links":{"self":[{"href":"https:\/\/cyclocluborangeois.fr\/index.php\/wp-json\/wp\/v2\/pages\/50","targetHints":{"allow":["GET"]}}],"collection":[{"href":"https:\/\/cyclocluborangeois.fr\/index.php\/wp-json\/wp\/v2\/pages"}],"about":[{"href":"https:\/\/cyclocluborangeois.fr\/index.php\/wp-json\/wp\/v2\/types\/page"}],"author":[{"embeddable":true,"href":"https:\/\/cyclocluborangeois.fr\/index.php\/wp-json\/wp\/v2\/users\/1"}],"replies":[{"embeddable":true,"href":"https:\/\/cyclocluborangeois.fr\/index.php\/wp-json\/wp\/v2\/comments?post=50"}],"version-history":[{"count":2,"href":"https:\/\/cyclocluborangeois.fr\/index.php\/wp-json\/wp\/v2\/pages\/50\/revisions"}],"predecessor-version":[{"id":78,"href":"https:\/\/cyclocluborangeois.fr\/index.php\/wp-json\/wp\/v2\/pages\/50\/revisions\/78"}],"wp:attachment":[{"href":"https:\/\/cyclocluborangeois.fr\/index.php\/wp-json\/wp\/v2\/media?parent=50"}],"curies":[{"name":"wp","href":"https:\/\/api.w.org\/{rel}","templated":true}]}}