{"id":306,"date":"2022-09-02T13:09:19","date_gmt":"2022-09-02T11:09:19","guid":{"rendered":"https:\/\/cyclocluborangeois.fr\/?page_id=306"},"modified":"2025-11-17T13:27:58","modified_gmt":"2025-11-17T12:27:58","slug":"stage","status":"publish","type":"page","link":"https:\/\/cyclocluborangeois.fr\/index.php\/stage\/","title":{"rendered":"Vogu\u00eb 2025"},"content":{"rendered":"\n<p>Nous vous proposons pour l&rsquo;ann\u00e9e 2025 un stage au Domaine Lou Capitelle en Ard\u00e8che, que beaucoup d&rsquo;entre vous connaissent d\u00e9j\u00e0 car nous y \u00e9tions en 2023.<\/p>\n\n\n\n<p><strong>Voici les dates retenues :<\/strong><\/p>\n\n\n\n<ul class=\"wp-block-list\">\n<li>du mercredi 23 avril au d\u00eener au lundi 28 avril au d\u00e9jeuner soit 5 nuits en pension compl\u00e8te.<\/li>\n\n\n\n<li>du  vendredi 25 avril au d\u00eener au lundi 28 avril au d\u00e9jeuner soit 3 nuits en pension compl\u00e8te.<\/li>\n<\/ul>\n\n\n\n<p>Le village de vacances 4 \u00e9toiles, nich\u00e9 entre la rivi\u00e8re et les falaises, se situe  face au village de Vogu\u00eb class\u00e9 parmi les plus beaux villages de France.<\/p>\n\n\n\n<p><strong>Les points forts pour notre s\u00e9jour.<\/strong><\/p>\n\n\n\n<ul class=\"wp-block-list\">\n<li>des circuits accessibles \u00e0 tous<\/li>\n\n\n\n<li>espace bien \u00eatre et spa de 400m2  avec piscine baln\u00e9o couverte<\/li>\n\n\n\n<li>restauration vari\u00e9e et savoureuse<\/li>\n\n\n\n<li>animations de soir\u00e9es<\/li>\n<\/ul>\n\n\n\n<h2 class=\"wp-block-heading\"><strong>Vous trouverez ci-dessous les tarifs :<\/strong><\/h2>\n\n\n\n<p><strong>5 NUITS <\/strong>= 446 euros \u00e0 d\u00e9duire la participation du Club de 46 euros soit <strong>400 euros<\/strong><\/p>\n\n\n\n<p><strong>3 NUITS <\/strong>= 270 euros \u00e0 d\u00e9duire la participation du Club de 25 euros soit <strong>245 euros<\/strong><\/p>\n\n\n\n<blockquote class=\"wp-block-quote is-layout-flow wp-block-quote-is-layout-flow\">\n<ul class=\"wp-block-list\">\n<li><strong><mark style=\"background-color:rgba(0, 0, 0, 0);color:#cf2d2d\" class=\"has-inline-color\">Pr\u00e9-inscription avant le 15 octobre 2024 (r\u00e9servation faite pour 45 personnes) avec un versement de 100 euros, le solde sera \u00e0 payer au 01 avril 2025.<\/mark><\/strong><\/li>\n<\/ul>\n<\/blockquote>\n\n\n\n<p><strong>Pour vous inscrire, veuillez utiliser le bordereau repris ci-dessous :<\/strong><\/p>\n\n\n\n<figure class=\"wp-block-image size-full\"><img loading=\"lazy\" decoding=\"async\" width=\"760\" height=\"1067\" src=\"https:\/\/cyclocluborangeois.fr\/wp-content\/uploads\/2024\/10\/Bulletin-dinscription-VOGUE-2025.png\" alt=\"\" class=\"wp-image-2495\" srcset=\"https:\/\/cyclocluborangeois.fr\/wp-content\/uploads\/2024\/10\/Bulletin-dinscription-VOGUE-2025.png 760w, https:\/\/cyclocluborangeois.fr\/wp-content\/uploads\/2024\/10\/Bulletin-dinscription-VOGUE-2025-214x300.png 214w, https:\/\/cyclocluborangeois.fr\/wp-content\/uploads\/2024\/10\/Bulletin-dinscription-VOGUE-2025-729x1024.png 729w\" sizes=\"auto, (max-width: 760px) 100vw, 760px\" \/><\/figure>\n\n\n\n<div class=\"wp-block-columns is-layout-flex wp-container-core-columns-is-layout-9d6595d7 wp-block-columns-is-layout-flex\">\n<div class=\"wp-block-column is-layout-flow wp-block-column-is-layout-flow\">\n<h2 class=\"wp-block-heading\">LISTE DES PARTICIPANTS :<\/h2>\n<\/div>\n\n\n\n<div class=\"wp-block-column is-layout-flow wp-block-column-is-layout-flow\"><\/div>\n\n\n\n<div class=\"wp-block-column is-layout-flow wp-block-column-is-layout-flow\"><\/div>\n<\/div>\n\n\n\n<figure class=\"wp-block-table\"><table class=\"has-fixed-layout\"><tbody><tr><td><strong>Nom<\/strong><\/td><td><strong>Pr\u00e9nom<\/strong><\/td><td><strong>Nombre d&rsquo;inscrits<\/strong><\/td><td><strong>Dur\u00e9e du s\u00e9jour<\/strong><\/td><\/tr><tr><td>MARIN<\/td><td>G\u00e9rard<\/td><td>1<\/td><td>5 nuits CIC 200<\/td><\/tr><tr><td>MARIN<\/td><td>Dominique<\/td><td>2<\/td><td>5 nuits  \/<\/td><\/tr><tr><td><s>RAYMOND<\/s><\/td><td><s>Yannick<\/s><\/td><td><s>3<\/s><\/td><td><s>5 nuits SG 100<\/s><\/td><\/tr><tr><td>LANTHELME<\/td><td>Andr\u00e9<\/td><td>4<\/td><td>5 nuits  CCF  100<\/td><\/tr><tr><td>OUICHAOUI<\/td><td>Salem<\/td><td>5<\/td><td>5 nuits CM 100<\/td><\/tr><tr><td>FERRAUD<\/td><td>Eddie<\/td><td>6<\/td><td>5 nuits CA   100<\/td><\/tr><tr><td>DUBOIS<\/td><td>G\u00e9rard<\/td><td>7<\/td><td>5 nuits  CE 100<\/td><\/tr><tr><td>GIRAUD<\/td><td>Alain<\/td><td>8<\/td><td>5 nuits SG 100<\/td><\/tr><tr><td>DEBRU<\/td><td>Bernard<\/td><td>9<\/td><td>5 nuits BNP 100<\/td><\/tr><tr><td>BILLON<\/td><td>Christian<\/td><td>10<\/td><td>5 nuits CM 100<\/td><\/tr><tr><td>BARNAUD <\/td><td>YVES<\/td><td>11<\/td><td>3 NUITS  CA  100<\/td><\/tr><tr><td>LECROART<\/td><td>JEAN PAUL<\/td><td>12<\/td><td>3           CM  100<\/td><\/tr><tr><td>LAFOND<\/td><td>DANIEL<\/td><td>13<\/td><td>3           CE   100<\/td><\/tr><tr><td>KOSTUCH<\/td><td>DIDIER<\/td><td>14<\/td><td>3           CA   100<\/td><\/tr><tr><td>HOSATTE<\/td><td>FREDERIC<\/td><td>15<\/td><td>3           CA   100<\/td><\/tr><tr><td><\/td><td><\/td><td><\/td><td><\/td><\/tr><tr><td>BANDINI<\/td><td>BRUNO<\/td><td>16<\/td><td>5 CE   100<\/td><\/tr><tr><td>ALLAIRE<\/td><td>FRANCK<\/td><td>17<\/td><td>5 CE 100<\/td><\/tr><tr><td>DELANNE<\/td><td>JEROME<\/td><td>18<\/td><td>3   CE 100<\/td><\/tr><tr><td>BOIDIN<\/td><td>FRANCOIS<\/td><td>19<\/td><td>5  CM 100<\/td><\/tr><tr><td>GERMAIN<\/td><td>BEATRICE<\/td><td>20<\/td><td>3 CA 100<\/td><\/tr><tr><td>BOUCHET<\/td><td>THIERRY<\/td><td>21<br><\/td><td>3  CA 100<\/td><\/tr><tr><td>MATHIEU<\/td><td>JEAN LOUIS<\/td><td>22<\/td><td>5 NUITS CA 100<\/td><\/tr><tr><td>MONNIER<\/td><td>BRUNO<\/td><td>23<\/td><td>5    N      CE  100<\/td><\/tr><tr><td>LAVILLE<\/td><td>ALAIN<\/td><td>24<\/td><td>5 NUITS  BNP 100<\/td><\/tr><tr><td>BOURGUER <\/td><td>JEAN MARC<\/td><td>25<\/td><td>3 NUITS CA 300<\/td><\/tr><tr><td>DESCHAMP<\/td><td>CLAIRE<\/td><td>26<\/td><td>3 NUITS ok  \/<\/td><\/tr><tr><td>SERON<\/td><td>CLAUDE<\/td><td>27<\/td><td>3 NUITS ok   \/<\/td><\/tr><tr><td>DARDUN<\/td><td>JACQUES<\/td><td>28<\/td><td>5 NUITS CE 100<\/td><\/tr><tr><td>DUCIEL<\/td><td>ERIC<\/td><td>29<\/td><td>5 NUITS SG 100     19<\/td><\/tr><tr><td>DUCIEL<\/td><td>FRANCOISE<\/td><td>30<\/td><td>3 NUITS  \/<\/td><\/tr><tr><td>MERTENS<\/td><td>FILIPP<\/td><td>31<\/td><td>3 NUITS 13 bnp 100<\/td><\/tr><tr><td>COLLOMBIER<\/td><td>CECILE<\/td><td>32<\/td><td>3 NUITS 14 \/<\/td><\/tr><tr><td>COLLOMBIER<\/td><td>THIERY<\/td><td>33<\/td><td>3 NUITS 15 LCL 200<\/td><\/tr><tr><td>CHARAVET<\/td><td>JEAN CHRISTOPHE<\/td><td>34<\/td><td>5 NUITS   20<\/td><\/tr><tr><td>PENEZ<\/td><td>PATRICK<\/td><td>35<\/td><td>5 NUITS 21  CE 200<\/td><\/tr><tr><td>PENEZ<\/td><td>COLETTE<\/td><td>36<\/td><td>5 NUITS 22     \/<\/td><\/tr><tr><td>THOMAS<\/td><td>PATRICK<\/td><td>37<\/td><td>5 NUITS 23 CA 100<\/td><\/tr><tr><td>BREYSSE<\/td><td>FLORENT<\/td><td>38<\/td><td>5 NUITS 24 CE 100<\/td><\/tr><tr><td>PERNET<\/td><td>FRANCK<\/td><td>39<\/td><td>5 NUITS 25 \/BPOP 200<\/td><\/tr><tr><td>PERNET<\/td><td>JOELLE<\/td><td>40<\/td><td>5 NUITS 25<\/td><\/tr><tr><td>OGER<\/td><td>DOMINIQUE<\/td><td>41<\/td><td>3 NUITS 16 CA 100<\/td><\/tr><tr><td>GLESAUD<\/td><td>BERNARD<\/td><td>42<\/td><td>5 NUITS 26 CA 100<\/td><\/tr><\/tbody><\/table><\/figure>\n\n\n\n<p><\/p>\n","protected":false},"excerpt":{"rendered":"<p>Nous vous proposons pour l&rsquo;ann\u00e9e 2025 un stage au Domaine Lou Capitelle en Ard\u00e8che, que beaucoup d&rsquo;entre vous connaissent d\u00e9j\u00e0 car nous y \u00e9tions en 2023. Voici les dates retenues : Le village de vacances 4 \u00e9toiles, nich\u00e9 entre la rivi\u00e8re et les falaises, se situe face au village de Vogu\u00eb class\u00e9 parmi les plus beaux villages de France. Les points forts pour notre s\u00e9jour. Vous trouverez ci-dessous les tarifs : 5 NUITS = 446 euros \u00e0 d\u00e9duire la participation du Club de 46 euros soit 400 euros 3 NUITS = 270 euros \u00e0 d\u00e9duire la participation du Club de 25 euros soit 245 euros Pour vous inscrire, veuillez utiliser le bordereau repris ci-dessous : LISTE DES PARTICIPANTS : Nom Pr\u00e9nom Nombre d&rsquo;inscrits Dur\u00e9e du s\u00e9jour MARIN G\u00e9rard 1 5 nuits CIC 200 MARIN Dominique 2 5 nuits \/ RAYMOND Yannick 3 5 nuits SG 100 LANTHELME Andr\u00e9 4 5 nuits CCF 100 OUICHAOUI Salem 5 5 nuits CM 100 FERRAUD Eddie 6 5 nuits CA 100 DUBOIS G\u00e9rard 7 5 nuits CE 100 GIRAUD Alain 8 5 nuits SG 100 DEBRU Bernard 9 5 nuits BNP 100 BILLON Christian 10 5 nuits CM 100 BARNAUD YVES 11 3 NUITS CA 100 LECROART JEAN PAUL 12 3 CM 100 LAFOND DANIEL 13 3 CE 100 KOSTUCH DIDIER 14 3 CA 100 HOSATTE FREDERIC 15 3 CA 100 BANDINI BRUNO 16 5 CE 100 ALLAIRE FRANCK 17 5 CE 100 DELANNE JEROME 18 3 CE 100 BOIDIN FRANCOIS 19 5 CM 100 GERMAIN BEATRICE 20 3 CA 100 BOUCHET THIERRY 21 3 CA 100 MATHIEU JEAN LOUIS 22 5 NUITS CA 100 MONNIER BRUNO 23 5 N CE 100 LAVILLE ALAIN 24 5 NUITS BNP 100 BOURGUER JEAN MARC 25 3 NUITS CA 300 DESCHAMP CLAIRE 26 3 NUITS ok \/ SERON CLAUDE 27 3 NUITS ok \/ DARDUN JACQUES 28 5 NUITS CE 100 DUCIEL ERIC 29 5 NUITS SG 100 19 DUCIEL FRANCOISE 30 3 NUITS \/ MERTENS FILIPP 31 3 NUITS 13 bnp 100 COLLOMBIER CECILE 32 3 NUITS 14 \/ COLLOMBIER THIERY 33 3 NUITS 15 LCL 200 CHARAVET JEAN CHRISTOPHE 34 5 NUITS 20 PENEZ PATRICK 35 5 NUITS 21 CE 200 PENEZ COLETTE 36 5 NUITS 22 \/ THOMAS PATRICK 37 5 NUITS 23 CA 100 BREYSSE FLORENT 38 5 NUITS 24 CE 100 PERNET FRANCK 39 5 NUITS 25 \/BPOP 200 PERNET JOELLE 40 5 NUITS 25 OGER DOMINIQUE 41 3 NUITS 16 CA 100 GLESAUD BERNARD 42 5 NUITS 26 CA 100<\/p>\n","protected":false},"author":1,"featured_media":0,"parent":0,"menu_order":0,"comment_status":"closed","ping_status":"closed","template":"","meta":{"_bbp_topic_count":0,"_bbp_reply_count":0,"_bbp_total_topic_count":0,"_bbp_total_reply_count":0,"_bbp_voice_count":0,"_bbp_anonymous_reply_count":0,"_bbp_topic_count_hidden":0,"_bbp_reply_count_hidden":0,"_bbp_forum_subforum_count":0,"footnotes":""},"class_list":["post-306","page","type-page","status-publish","hentry"],"_links":{"self":[{"href":"https:\/\/cyclocluborangeois.fr\/index.php\/wp-json\/wp\/v2\/pages\/306","targetHints":{"allow":["GET"]}}],"collection":[{"href":"https:\/\/cyclocluborangeois.fr\/index.php\/wp-json\/wp\/v2\/pages"}],"about":[{"href":"https:\/\/cyclocluborangeois.fr\/index.php\/wp-json\/wp\/v2\/types\/page"}],"author":[{"embeddable":true,"href":"https:\/\/cyclocluborangeois.fr\/index.php\/wp-json\/wp\/v2\/users\/1"}],"replies":[{"embeddable":true,"href":"https:\/\/cyclocluborangeois.fr\/index.php\/wp-json\/wp\/v2\/comments?post=306"}],"version-history":[{"count":30,"href":"https:\/\/cyclocluborangeois.fr\/index.php\/wp-json\/wp\/v2\/pages\/306\/revisions"}],"predecessor-version":[{"id":3820,"href":"https:\/\/cyclocluborangeois.fr\/index.php\/wp-json\/wp\/v2\/pages\/306\/revisions\/3820"}],"wp:attachment":[{"href":"https:\/\/cyclocluborangeois.fr\/index.php\/wp-json\/wp\/v2\/media?parent=306"}],"curies":[{"name":"wp","href":"https:\/\/api.w.org\/{rel}","templated":true}]}}