{"id":1610,"date":"2023-09-20T09:03:29","date_gmt":"2023-09-20T07:03:29","guid":{"rendered":"http:\/\/cyclocluborangeois.fr\/?page_id=1610"},"modified":"2024-10-20T23:54:36","modified_gmt":"2024-10-20T21:54:36","slug":"tenue-du-club","status":"publish","type":"page","link":"https:\/\/cyclocluborangeois.fr\/index.php\/tenue-du-club\/","title":{"rendered":"TENUE DU CLUB"},"content":{"rendered":"\n<blockquote class=\"wp-block-quote is-layout-flow wp-block-quote-is-layout-flow\">\n<p><\/p>\n\n\n\n<p>Cette ann\u00e9e nos sponsors seront plus nombreux, notre sponsor principal La P\u00e9dalerie, la Mairie, et deux nouveaux nous accompagnent cette ann\u00e9e, COPAT COVAT (mat\u00e9riaux) pr\u00e9sent\u00e9 par Thierry COLOMBIER et On\u00c9coute&nbsp;(audio proth\u00e9siste) par Ren\u00e9 LENORMAND.<\/p>\n\n\n\n<p>&nbsp;<\/p>\n\n\n\n<p>La soci\u00e9t\u00e9 GOBIK nous propose \u00e9galement la gamme compl\u00e8te dont vous trouverez ci-joint le bon de commande. Vous pouvez visualiser les nouvelles tenues en cliquant sur le lien ci-dessous. C&rsquo;est une 3D, vous pourrez visualiser&nbsp; le maillot en le faisant pivoter avec la souris. Les couleurs de l&rsquo;an dernier ont \u00e9t\u00e9 conserv\u00e9es mais la pr\u00e9sentation&nbsp;est&nbsp; plus moderne.&nbsp;<\/p>\n\n\n\n<p><a rel=\"noreferrer noopener\" href=\"https:\/\/gobikcustom.com\/3D\/GOBIK\/CYCLOCLUB%20ORANGEOIS\/TEXTURAS\/230006280_MAILLOT%20MC%20ROCKET%20HOM%201071_V8\/?id=ab6cc6fee1f6f9b4836ea19d344cd54e201f06af6d79a889145167892728d74e213d6c94df325929a199ff0000c8a20080054ac67871354f01ba7b34d3a37f4e&amp;u=cliente\" target=\"_blank\"><em>Menu prototypes virtuels et fiche technique.<\/em><\/a><\/p>\n\n\n\n<p><a href=\"https:\/\/gobikcustom.com\/3D\/GOBIK\/CYCLOCLUB%20ORANGEOIS\/TEXTURAS\/230006280_MAILLOT%20MC%20ROCKET%20HOM%201071_V8\/?id=ab6cc6fee1f6f9b4836ea19d344cd54e201f06af6d79a889145167892728d74e213d6c94df325929a199ff0000c8a20080054ac67871354f01ba7b34d3a37f4e&amp;u=cliente\">https:\/\/gobikcustom.com\/3D\/GOBIK\/CYCLOCLUB%20ORANGEOIS\/TEXTURAS\/230006280_MAILLOT%20MC%20ROCKET%20HOM%201071_V8\/?id=ab6cc6fee1f6f9b4836ea19d344cd54e201f06af6d79a889145167892728d74e213d6c94df325929a199ff0000c8a20080054ac67871354f01ba7b34d3a37f4e&amp;u=cliente<\/a><\/p>\n\n\n\n<p><\/p>\n\n\n\n<p>Le bon de commande est a t\u00e9l\u00e9charger ou se trouve aussi \u00e0 La P\u00e9dalerie. Le ch\u00e8que \u00e0\u00a0<strong>l&rsquo;ordre du CCO<\/strong>\u00a0sera \u00e0 laisser sur place.\u00a0<\/p>\n<\/blockquote>\n\n\n\n<div class=\"wp-block-file\"><a id=\"wp-block-file--media-e9cd264c-1011-4259-877a-d6b3f98d9114\" href=\"https:\/\/cyclocluborangeois.fr\/wp-content\/uploads\/2024\/10\/BON-DE-COMMANDE-TENUE-2025.docx\">BON DE COMMANDE TENUE 2025<\/a><a href=\"https:\/\/cyclocluborangeois.fr\/wp-content\/uploads\/2024\/10\/BON-DE-COMMANDE-TENUE-2025.docx\" class=\"wp-block-file__button wp-element-button\" download aria-describedby=\"wp-block-file--media-e9cd264c-1011-4259-877a-d6b3f98d9114\">T\u00e9l\u00e9charger<\/a><\/div>\n\n\n\n<p><\/p>\n","protected":false},"excerpt":{"rendered":"<p>Cette ann\u00e9e nos sponsors seront plus nombreux, notre sponsor principal La P\u00e9dalerie, la Mairie, et deux nouveaux nous accompagnent cette ann\u00e9e, COPAT COVAT (mat\u00e9riaux) pr\u00e9sent\u00e9 par Thierry COLOMBIER et On\u00c9coute&nbsp;(audio proth\u00e9siste) par Ren\u00e9 LENORMAND. &nbsp; La soci\u00e9t\u00e9 GOBIK nous propose \u00e9galement la gamme compl\u00e8te dont vous trouverez ci-joint le bon de commande. Vous pouvez visualiser les nouvelles tenues en cliquant sur le lien ci-dessous. C&rsquo;est une 3D, vous pourrez visualiser&nbsp; le maillot en le faisant pivoter avec la souris. Les couleurs de l&rsquo;an dernier ont \u00e9t\u00e9 conserv\u00e9es mais la pr\u00e9sentation&nbsp;est&nbsp; plus moderne.&nbsp; Menu prototypes virtuels et fiche technique. https:\/\/gobikcustom.com\/3D\/GOBIK\/CYCLOCLUB%20ORANGEOIS\/TEXTURAS\/230006280_MAILLOT%20MC%20ROCKET%20HOM%201071_V8\/?id=ab6cc6fee1f6f9b4836ea19d344cd54e201f06af6d79a889145167892728d74e213d6c94df325929a199ff0000c8a20080054ac67871354f01ba7b34d3a37f4e&amp;u=cliente Le bon de commande est a t\u00e9l\u00e9charger ou se trouve aussi \u00e0 La P\u00e9dalerie. Le ch\u00e8que \u00e0\u00a0l&rsquo;ordre du CCO\u00a0sera \u00e0 laisser sur place.\u00a0<\/p>\n","protected":false},"author":1,"featured_media":0,"parent":0,"menu_order":0,"comment_status":"closed","ping_status":"closed","template":"","meta":{"_bbp_topic_count":0,"_bbp_reply_count":0,"_bbp_total_topic_count":0,"_bbp_total_reply_count":0,"_bbp_voice_count":0,"_bbp_anonymous_reply_count":0,"_bbp_topic_count_hidden":0,"_bbp_reply_count_hidden":0,"_bbp_forum_subforum_count":0,"footnotes":""},"class_list":["post-1610","page","type-page","status-publish","hentry"],"_links":{"self":[{"href":"https:\/\/cyclocluborangeois.fr\/index.php\/wp-json\/wp\/v2\/pages\/1610","targetHints":{"allow":["GET"]}}],"collection":[{"href":"https:\/\/cyclocluborangeois.fr\/index.php\/wp-json\/wp\/v2\/pages"}],"about":[{"href":"https:\/\/cyclocluborangeois.fr\/index.php\/wp-json\/wp\/v2\/types\/page"}],"author":[{"embeddable":true,"href":"https:\/\/cyclocluborangeois.fr\/index.php\/wp-json\/wp\/v2\/users\/1"}],"replies":[{"embeddable":true,"href":"https:\/\/cyclocluborangeois.fr\/index.php\/wp-json\/wp\/v2\/comments?post=1610"}],"version-history":[{"count":7,"href":"https:\/\/cyclocluborangeois.fr\/index.php\/wp-json\/wp\/v2\/pages\/1610\/revisions"}],"predecessor-version":[{"id":2562,"href":"https:\/\/cyclocluborangeois.fr\/index.php\/wp-json\/wp\/v2\/pages\/1610\/revisions\/2562"}],"wp:attachment":[{"href":"https:\/\/cyclocluborangeois.fr\/index.php\/wp-json\/wp\/v2\/media?parent=1610"}],"curies":[{"name":"wp","href":"https:\/\/api.w.org\/{rel}","templated":true}]}}