{"id":1173,"date":"2023-04-23T17:28:12","date_gmt":"2023-04-23T15:28:12","guid":{"rendered":"http:\/\/cyclocluborangeois.fr\/?page_id=1173"},"modified":"2023-05-29T20:30:24","modified_gmt":"2023-05-29T18:30:24","slug":"fete-des-mobilites-douces","status":"publish","type":"page","link":"https:\/\/cyclocluborangeois.fr\/index.php\/fete-des-mobilites-douces\/","title":{"rendered":"F\u00eate des mobilit\u00e9s douces"},"content":{"rendered":"\n<p class=\"has-text-align-center\"><em>Par La P\u00e9dalerie et le Cyclo Club Orangeois<\/em><\/p>\n\n\n\n<div class=\"wp-block-media-text alignwide is-stacked-on-mobile\"><figure class=\"wp-block-media-text__media\"><img decoding=\"async\" src=\"http:\/\/cyclocluborangeois.fr\/wp-content\/uploads\/2023\/05\/2L1A2338-1.jpg\" alt=\"\" class=\"wp-image-1397 size-full\"\/><\/figure><div class=\"wp-block-media-text__content\">\n<p>LIEN DES PHOTOS &#8211; F\u00eate des mobilit\u00e9s douce du 27 mai 2023 \ud83d\udc49<\/p>\n\n\n\n<p><a rel=\"noreferrer noopener\" href=\"https:\/\/photos.app.goo.gl\/W3iQPQ7ZPvHNBzCT8\" target=\"_blank\">https:\/\/photos.app.goo.gl\/W3iQPQ7ZPvHNBzCT8<\/a> <\/p>\n\n\n\n<p> <\/p>\n<\/div><\/div>\n\n\n\n<p><\/p>\n\n\n\n<p class=\"has-text-align-center\">Rendez-vous le samedi 27 mai 2023 \u00e0 <strong>Randonn\u00e9e Ch\u00e2teauneuf-du-Pape<\/strong> (salle DUFAYS)<\/p>\n\n\n\n<p><\/p>\n\n\n\n<p><\/p>\n\n\n\n<div class=\"wp-block-buttons has-custom-font-size has-medium-font-size is-horizontal is-content-justification-center is-layout-flex wp-container-core-buttons-is-layout-ddb39544 wp-block-buttons-is-layout-flex\">\n<div class=\"wp-block-button\"><a class=\"wp-block-button__link wp-element-button\">ROUTES<\/a><\/div>\n\n\n\n<div class=\"wp-block-button\"><a class=\"wp-block-button__link wp-element-button\">GRAVELS<\/a><\/div>\n\n\n\n<div class=\"wp-block-button\"><a class=\"wp-block-button__link wp-element-button\">PEDESTRE<\/a><\/div>\n\n\n\n<div class=\"wp-block-button\"><a class=\"wp-block-button__link wp-element-button\">DRAISIENNE<\/a><\/div>\n<\/div>\n\n\n\n<p><\/p>\n\n\n\n<p><\/p>\n\n\n\n<p class=\"has-text-align-center has-medium-font-size\"> <a href=\"https:\/\/sportsnconnect.com\/calendrier-evenements\/view\/21687\/randonnee-chateauneuf-du-pape-fete-des-mobilites-douces\" target=\"_blank\" rel=\"noreferrer noopener\"><mark style=\"background-color:#cf2e2e\" class=\"has-inline-color has-white-color\">INFORMATIONS ET INSCRIPTION<\/mark><\/a><\/p>\n\n\n\n<p><\/p>\n\n\n\n<p><\/p>\n\n\n<div class=\"wp-block-image\">\n<figure class=\"aligncenter size-full is-resized\"><img loading=\"lazy\" decoding=\"async\" src=\"http:\/\/cyclocluborangeois.fr\/wp-content\/uploads\/2023\/04\/Fete-des-mobilite-1.png\" alt=\"\" class=\"wp-image-1180\" width=\"527\" height=\"746\" srcset=\"https:\/\/cyclocluborangeois.fr\/wp-content\/uploads\/2023\/04\/Fete-des-mobilite-1.png 498w, https:\/\/cyclocluborangeois.fr\/wp-content\/uploads\/2023\/04\/Fete-des-mobilite-1-212x300.png 212w\" sizes=\"auto, (max-width: 527px) 100vw, 527px\" \/><\/figure>\n<\/div>\n\n<div class=\"wp-block-image\">\n<figure class=\"aligncenter size-full is-resized\"><img loading=\"lazy\" decoding=\"async\" src=\"http:\/\/cyclocluborangeois.fr\/wp-content\/uploads\/2023\/04\/Fete-des-mobilite-2.png\" alt=\"\" class=\"wp-image-1181\" width=\"532\" height=\"750\" srcset=\"https:\/\/cyclocluborangeois.fr\/wp-content\/uploads\/2023\/04\/Fete-des-mobilite-2.png 500w, https:\/\/cyclocluborangeois.fr\/wp-content\/uploads\/2023\/04\/Fete-des-mobilite-2-213x300.png 213w\" sizes=\"auto, (max-width: 532px) 100vw, 532px\" \/><\/figure>\n<\/div>\n\n\n<figure class=\"wp-block-table\"><table><tbody><tr><td class=\"has-text-align-center\" data-align=\"center\">Parcours<\/td><td class=\"has-text-align-center\" data-align=\"center\">Km, D+<\/td><td class=\"has-text-align-center\" data-align=\"center\">Liens <\/td><\/tr><tr><td class=\"has-text-align-center\" data-align=\"center\">Circuit 1 &nbsp;BLEU<\/td><td class=\"has-text-align-center\" data-align=\"center\">60 km, 372 m<\/td><td class=\"has-text-align-center\" data-align=\"center\"><a rel=\"noreferrer noopener\" href=\"https:\/\/www.openrunner.com\/route-details\/16613290\" target=\"_blank\">https:\/\/www.openrunner.com\/route-details\/16613290<\/a> &nbsp;<\/td><\/tr><tr><td class=\"has-text-align-center\" data-align=\"center\">Circuit 2 VERT<\/td><td class=\"has-text-align-center\" data-align=\"center\">100 km, 1000 m<\/td><td class=\"has-text-align-center\" data-align=\"center\"><a rel=\"noreferrer noopener\" href=\"https:\/\/www.openrunner.com\/route-details\/16613348\" target=\"_blank\">https:\/\/www.openrunner.com\/route-details\/16613348<\/a><\/td><\/tr><tr><td class=\"has-text-align-center\" data-align=\"center\">Circuit 3 ROUGE &nbsp;<\/td><td class=\"has-text-align-center\" data-align=\"center\">120 km, 1076 m<\/td><td class=\"has-text-align-center\" data-align=\"center\"><a rel=\"noreferrer noopener\" href=\"https:\/\/www.openrunner.com\/route-details\/16727619\" target=\"_blank\">https:\/\/www.openrunner.com\/route-details\/16727619<\/a> &nbsp;<\/td><\/tr><\/tbody><\/table><\/figure>\n\n\n\n<p><\/p>\n\n\n\n<ul class=\"wp-block-list\">\n<li><\/li>\n<\/ul>\n\n\n<div class=\"wp-block-image\">\n<figure class=\"aligncenter size-full\"><img loading=\"lazy\" decoding=\"async\" width=\"946\" height=\"723\" src=\"http:\/\/cyclocluborangeois.fr\/wp-content\/uploads\/2023\/05\/Parcours-1.png\" alt=\"\" class=\"wp-image-1330\" srcset=\"https:\/\/cyclocluborangeois.fr\/wp-content\/uploads\/2023\/05\/Parcours-1.png 946w, https:\/\/cyclocluborangeois.fr\/wp-content\/uploads\/2023\/05\/Parcours-1-300x229.png 300w, https:\/\/cyclocluborangeois.fr\/wp-content\/uploads\/2023\/05\/Parcours-1-768x587.png 768w\" sizes=\"auto, (max-width: 946px) 100vw, 946px\" \/><\/figure>\n<\/div>","protected":false},"excerpt":{"rendered":"<p>Par La P\u00e9dalerie et le Cyclo Club Orangeois LIEN DES PHOTOS &#8211; F\u00eate des mobilit\u00e9s douce du 27 mai 2023 \ud83d\udc49 https:\/\/photos.app.goo.gl\/W3iQPQ7ZPvHNBzCT8 Rendez-vous le samedi 27 mai 2023 \u00e0 Randonn\u00e9e Ch\u00e2teauneuf-du-Pape (salle DUFAYS) INFORMATIONS ET INSCRIPTION Parcours Km, D+ Liens Circuit 1 &nbsp;BLEU 60 km, 372 m https:\/\/www.openrunner.com\/route-details\/16613290 &nbsp; Circuit 2 VERT 100 km, 1000 m https:\/\/www.openrunner.com\/route-details\/16613348 Circuit 3 ROUGE &nbsp; 120 km, 1076 m https:\/\/www.openrunner.com\/route-details\/16727619 &nbsp;<\/p>\n","protected":false},"author":1,"featured_media":0,"parent":0,"menu_order":0,"comment_status":"closed","ping_status":"closed","template":"","meta":{"_bbp_topic_count":0,"_bbp_reply_count":0,"_bbp_total_topic_count":0,"_bbp_total_reply_count":0,"_bbp_voice_count":0,"_bbp_anonymous_reply_count":0,"_bbp_topic_count_hidden":0,"_bbp_reply_count_hidden":0,"_bbp_forum_subforum_count":0,"footnotes":""},"class_list":["post-1173","page","type-page","status-publish","hentry"],"_links":{"self":[{"href":"https:\/\/cyclocluborangeois.fr\/index.php\/wp-json\/wp\/v2\/pages\/1173","targetHints":{"allow":["GET"]}}],"collection":[{"href":"https:\/\/cyclocluborangeois.fr\/index.php\/wp-json\/wp\/v2\/pages"}],"about":[{"href":"https:\/\/cyclocluborangeois.fr\/index.php\/wp-json\/wp\/v2\/types\/page"}],"author":[{"embeddable":true,"href":"https:\/\/cyclocluborangeois.fr\/index.php\/wp-json\/wp\/v2\/users\/1"}],"replies":[{"embeddable":true,"href":"https:\/\/cyclocluborangeois.fr\/index.php\/wp-json\/wp\/v2\/comments?post=1173"}],"version-history":[{"count":22,"href":"https:\/\/cyclocluborangeois.fr\/index.php\/wp-json\/wp\/v2\/pages\/1173\/revisions"}],"predecessor-version":[{"id":1400,"href":"https:\/\/cyclocluborangeois.fr\/index.php\/wp-json\/wp\/v2\/pages\/1173\/revisions\/1400"}],"wp:attachment":[{"href":"https:\/\/cyclocluborangeois.fr\/index.php\/wp-json\/wp\/v2\/media?parent=1173"}],"curies":[{"name":"wp","href":"https:\/\/api.w.org\/{rel}","templated":true}]}}