{"id":111,"date":"2022-08-17T15:42:40","date_gmt":"2022-08-17T13:42:40","guid":{"rendered":"http:\/\/cyclocluborangeois.fr\/?page_id=111"},"modified":"2026-02-19T13:03:46","modified_gmt":"2026-02-19T12:03:46","slug":"parcours-du-samedi","status":"publish","type":"page","link":"https:\/\/cyclocluborangeois.fr\/index.php\/parcours-du-samedi\/","title":{"rendered":"SORTIES CLUB"},"content":{"rendered":"\n<figure class=\"wp-block-table\"><table class=\"has-cyan-bluish-gray-background-color has-background has-fixed-layout\"><tbody><tr><td><strong>JOURS<\/strong><\/td><td class=\"has-text-align-center\" data-align=\"center\">LUNDI<\/td><td class=\"has-text-align-center\" data-align=\"center\">MERCREDI<\/td><td class=\"has-text-align-center\" data-align=\"center\">SAMEDI <\/td><td class=\"has-text-align-center\" data-align=\"center\">DIMANCHE<\/td><\/tr><tr><td><strong>HORAIRES<\/strong><\/td><td class=\"has-text-align-center\" data-align=\"center\">13h30<\/td><td class=\"has-text-align-center\" data-align=\"center\">13h30<\/td><td class=\"has-text-align-center\" data-align=\"center\">13h30<\/td><td class=\"has-text-align-center\" data-align=\"center\">08h30<\/td><\/tr><\/tbody><\/table><figcaption class=\"wp-element-caption\">Horaires des d\u00e9parts<\/figcaption><\/figure>\n\n\n\n<h2 class=\"wp-block-heading has-text-align-center\">A COMPTER DU LUNDI 23 f\u00e9vrier 2026, CHANGEMENTS D&rsquo;HORAIRES, les d\u00e9parts auront lieu \u00e0 13h30 les lundis, mercredis, samedis et \u00e0 08h30 les dimanches.<\/h2>\n\n\n\n<figure class=\"wp-block-image size-full\"><img loading=\"lazy\" decoding=\"async\" width=\"532\" height=\"797\" src=\"https:\/\/cyclocluborangeois.fr\/wp-content\/uploads\/2026\/01\/Bonne-annee-2026.png\" alt=\"\" class=\"wp-image-3935\" srcset=\"https:\/\/cyclocluborangeois.fr\/wp-content\/uploads\/2026\/01\/Bonne-annee-2026.png 532w, https:\/\/cyclocluborangeois.fr\/wp-content\/uploads\/2026\/01\/Bonne-annee-2026-200x300.png 200w\" sizes=\"auto, (max-width: 532px) 100vw, 532px\" \/><\/figure>\n\n\n\n<p><\/p>\n\n\n\n<p><\/p>\n\n\n\n\n\n<h2 class=\"wp-block-heading\"><\/h2>\n\n\n\n<p><\/p>\n","protected":false},"excerpt":{"rendered":"<p>JOURS LUNDI MERCREDI SAMEDI DIMANCHE HORAIRES 13h30 13h30 13h30 08h30 Horaires des d\u00e9parts A COMPTER DU LUNDI 23 f\u00e9vrier 2026, CHANGEMENTS D&rsquo;HORAIRES, les d\u00e9parts auront lieu \u00e0 13h30 les lundis, mercredis, samedis et \u00e0 08h30 les dimanches.<\/p>\n","protected":false},"author":1,"featured_media":0,"parent":0,"menu_order":0,"comment_status":"closed","ping_status":"closed","template":"","meta":{"_bbp_topic_count":0,"_bbp_reply_count":0,"_bbp_total_topic_count":0,"_bbp_total_reply_count":0,"_bbp_voice_count":0,"_bbp_anonymous_reply_count":0,"_bbp_topic_count_hidden":0,"_bbp_reply_count_hidden":0,"_bbp_forum_subforum_count":0,"footnotes":""},"class_list":["post-111","page","type-page","status-publish","hentry"],"_links":{"self":[{"href":"https:\/\/cyclocluborangeois.fr\/index.php\/wp-json\/wp\/v2\/pages\/111","targetHints":{"allow":["GET"]}}],"collection":[{"href":"https:\/\/cyclocluborangeois.fr\/index.php\/wp-json\/wp\/v2\/pages"}],"about":[{"href":"https:\/\/cyclocluborangeois.fr\/index.php\/wp-json\/wp\/v2\/types\/page"}],"author":[{"embeddable":true,"href":"https:\/\/cyclocluborangeois.fr\/index.php\/wp-json\/wp\/v2\/users\/1"}],"replies":[{"embeddable":true,"href":"https:\/\/cyclocluborangeois.fr\/index.php\/wp-json\/wp\/v2\/comments?post=111"}],"version-history":[{"count":353,"href":"https:\/\/cyclocluborangeois.fr\/index.php\/wp-json\/wp\/v2\/pages\/111\/revisions"}],"predecessor-version":[{"id":4026,"href":"https:\/\/cyclocluborangeois.fr\/index.php\/wp-json\/wp\/v2\/pages\/111\/revisions\/4026"}],"wp:attachment":[{"href":"https:\/\/cyclocluborangeois.fr\/index.php\/wp-json\/wp\/v2\/media?parent=111"}],"curies":[{"name":"wp","href":"https:\/\/api.w.org\/{rel}","templated":true}]}}